{"id":1945,"date":"2022-12-21T10:15:05","date_gmt":"2022-12-21T09:15:05","guid":{"rendered":"https:\/\/ednalaboratories.com\/?page_id=1945"},"modified":"2024-05-15T14:12:20","modified_gmt":"2024-05-15T12:12:20","slug":"about-project","status":"publish","type":"page","link":"https:\/\/ednalaboratories.com\/en\/about-project\/","title":{"rendered":"About project"},"content":{"rendered":"<p><i>\u201cDEVELOPMENT OF A NUCLEIC ACID-BASED TEST FOR THE IDENTIFICATION OF WATER QUALITY INDICATOR SPECIES\u201d<\/i><\/p>\n<p>The maintenance and restoration of high-quality freshwater and marine habitats is one of the main issues of today. Over the past few decades, the EU has issued several directives with the objective of preventing further degradation of water quality. These directives mandate that all EU member countries maintain and restore the ecological status of all bodies of water to a &#8216;good&#8217; level. The ecological status of a water body is determined by assessing biological quality elements (BQE), physical-chemical parameters, and hydromorphological quality elements. The evaluation of BQE involves monitoring the presence and abundance of several organismal groups to assess water quality. These groups include phytoplankton, phytobenthos, macrozoobenthos, macrophytes, and fishes.<\/p>\n<p>The goal of the project is to develop non-invasive nucleic acid-based tests for the detection and quantification of specific species or groups of interest with the aim of improving water quality monitoring.<\/p>\n<p>The project \u201c<em>Development of a nucleic acid-based test for the identification of water quality indicator species<\/em>\u201c, carried out by Labena d.o.o. in partnership with the Institute Ru\u0111er Bo\u0161kovi\u0107, is financed by the European Union through the European Fund for Regional Development under the funding programme \u201cIncreasing the development of new products and services arising from R&amp;D activities \u2013 Phase II\u201d (IRI2).<\/p>\n<p><strong>Project title:<\/strong> Development of a nucleic acid-based test for the identification of water quality indicator species<\/p>\n<p><strong>Reference number: <\/strong>KK.01.2.1.02.0335<\/p>\n<p><strong>Project leader and beneficiary:<\/strong> Labena d.o.o.<\/p>\n<p><strong>Project partner:<\/strong> Institute Ru\u0111er Bo\u0161kovi\u0107<\/p>\n<p><strong>Total project value: <\/strong>3.347.095,56 EUR<\/p>\n<p><strong>EU grant:<\/strong> 2.521.679,20 EUR<\/p>\n<p><strong>Project implementation period: <\/strong>01\/09\/2020 \u2013 01\/12\/2023<\/p>\n<p>&nbsp;<\/p>\n<p><img loading=\"lazy\" decoding=\"async\" class=\"aligncenter size-full wp-image-2061\" src=\"https:\/\/ednalaboratories.com\/wp-content\/uploads\/2022\/12\/eu.png\" alt=\"\" width=\"800\" height=\"113\" \/><\/p>\n<p>&nbsp;<\/p>\n<p><strong>Contact: <\/strong>Mario Danani\u0107, mario.dananic@labena.hr, +385 99 7044 700<\/p>\n<p>&nbsp;<\/p>\n<h3>PROJECT INFORMATION<\/h3>\n<p><strong>Ru\u0111er Bo\u0161kovi\u0107 Institute<\/strong><\/p>\n<p><a href=\"https:\/\/www.irb.hr\/eng\"><img loading=\"lazy\" decoding=\"async\" class=\"aligncenter size-full wp-image-2064\" src=\"https:\/\/ednalaboratories.com\/wp-content\/uploads\/2022\/12\/InstitutRuderBoskovic.png\" alt=\"\" width=\"572\" height=\"99\" \/><\/a><\/p>\n<p>&nbsp;<\/p>\n<p>In recent years, scientists at IRB have been intensively working on the development of new methods for identifying microorganisms from environmental samples, both at the level of individual cells and total DNA from the environment.<\/p>\n<p>As partners in the project &#8220;Development of a test based on nucleic acids for the identification of species that indicate water quality&#8221;, they control and validate the results and tests developed by the project holder, and are responsible for the implementation of the classic approach to environmental monitoring by measuring chemical parameters and applying microscopy, and the development of molecular tools for the detection of bacteria and phytoplankton.<\/p>\n<p>A team of IRB researchers and scientists with many years of experience in identifying microorganisms from the environment (Dr. Tanja Vojvoda Zeljko, Ph.D. Maja Marinovi\u0107 (until 5\/2022), Ph.D. Nikola Baran (from 9\/2022), Jelena Kosanvi\u0107, Marin Lovri\u0107 , Ivana Pu\u010dek, Marija Mirosavljevi\u0107, Andrea \u010ca\u010dkovi\u0107, Nives Matijakovi\u0107 and Damir Kralj) involved in the project is led by Ph.D. Sandi Orli\u0107, senior research associate and expert in microbiology, microbial ecology and ecology of aquatic ecosystems.<\/p>\n<p>&nbsp;<\/p>\n<h3>MEDIA ABOUT PROJECT<\/h3>\n<p><a href=\"https:\/\/www.irb.hr\/Novosti\/Razvijamo-novi-test-za-utvrdivanje-kakvoca-voda\">https:\/\/www.irb.hr\/Novosti\/Razvijamo-novi-test-za-utvrdivanje-kakvoca-voda<\/a><\/p>\n<p><a href=\"https:\/\/www.poslovni.hr\/sci-tech\/razvijaju-test-za-okolisnu-dnk-radi-odredivanja-vrsta-koje-otkrivaju-kvalitetu-vode-4313812\">https:\/\/www.poslovni.hr\/sci-tech\/razvijaju-test-za-okolisnu-dnk-radi-odredivanja-vrsta-koje-otkrivaju-kvalitetu-vode-4313812<\/a><\/p>\n<p><a href=\"https:\/\/novac.jutarnji.hr\/novac\/aktualno\/izlet-u-ekologiju-institut-ruder-boskovic-razvija-novi-test-za-analizu-kakvoce-vode-15187727\">https:\/\/novac.jutarnji.hr\/novac\/aktualno\/izlet-u-ekologiju-institut-ruder-boskovic-razvija-novi -test-za-analizu-kakvoce-vode-15187727<\/a><\/p>\n<p>&nbsp;<\/p>\n<h3>SCIENTIFIC PUBLICATIONS<\/h3>\n<p>Han\u017eek, N., Gligora Udovi\u010d, M., Kajan, K., Borics, G., V\u00e1rb\u00edr\u00f3, G., Stoeck, T., \u017dutini\u0107, P., Orli\u0107, S., &amp; Stankovi\u0107, I. (2021). Assessing ecological status in karstic lakes through the integration of phytoplankton functional groups, morphological approach and environmental DNA metabarcoding. <em>Ecological Indicators<\/em>, 131, 108166. https:\/\/doi.org\/10.1016\/j.ecolind.2021.108166<\/p>\n<p>Kula\u0161, A., Gligora Udovi\u010d, M., Tapolczai, K., \u017dutini\u0107, P., Orli\u0107, S., &amp; Levkov, Z. (2022). Diatom eDNA metabarcoding and morphological methods for bioassessment of karstic river<em>. Science of The Total Environment<\/em>, 829, 154536. https:\/\/doi.org\/10.1016\/j.scitotenv.2022.154536<\/p>\n<p>Selak, L., Markovi\u0107, T., Pjevac, P., &amp; Orli\u0107, S. (2022). Microbial marker for seawater intrusion in a coastal Mediterranean shallow Lake, Lake Vrana, Croatia. <em>Science of The Total Environment<\/em>, 849, 157859. https:\/\/doi.org\/10.1016\/J.SCITOTENV.2022.157859<\/p>\n<p>Selak, L., Osterholz, H., Stankovi\u0107, I., Han\u017eek, N., Gligora Udovi\u010d, M., Dittmar, T., &amp; Orli\u0107, S. (2022). Adaptations of microbial communities and dissolved organics to seasonal pressures in a mesotrophic coastal Mediterranean lake. <em>Environmental Microbiology<\/em>, 24(5), 2282\u20132298. https:\/\/doi.org\/10.1111\/1462-2920.15924<\/p>\n","protected":false},"excerpt":{"rendered":"<p>\u201cDEVELOPMENT OF A NUCLEIC ACID-BASED TEST FOR THE IDENTIFICATION OF WATER QUALITY INDICATOR SPECIES\u201d The maintenance and restoration of high-quality freshwater and marine habitats is one of the main issues of today. Over the past few decades, the EU has issued several directives with the objective of preventing further degradation of water quality. These directives [&hellip;]<\/p>\n","protected":false},"author":2,"featured_media":0,"parent":0,"menu_order":0,"comment_status":"closed","ping_status":"closed","template":"","meta":{"footnotes":""},"class_list":["post-1945","page","type-page","status-publish","hentry"],"acf":[],"yoast_head":"<!-- This site is optimized with the Yoast SEO plugin v26.3 - https:\/\/yoast.com\/wordpress\/plugins\/seo\/ -->\n<title>About project - e-DNA<\/title>\n<meta name=\"robots\" content=\"index, follow, max-snippet:-1, max-image-preview:large, max-video-preview:-1\" \/>\n<link rel=\"canonical\" href=\"https:\/\/ednalaboratories.com\/en\/about-project\/\" \/>\n<meta property=\"og:locale\" content=\"en_US\" \/>\n<meta property=\"og:type\" content=\"article\" \/>\n<meta property=\"og:title\" content=\"About project - e-DNA\" \/>\n<meta property=\"og:description\" content=\"\u201cDEVELOPMENT OF A NUCLEIC ACID-BASED TEST FOR THE IDENTIFICATION OF WATER QUALITY INDICATOR SPECIES\u201d The maintenance and restoration of high-quality freshwater and marine habitats is one of the main issues of today. Over the past few decades, the EU has issued several directives with the objective of preventing further degradation of water quality. These directives [&hellip;]\" \/>\n<meta property=\"og:url\" content=\"https:\/\/ednalaboratories.com\/en\/about-project\/\" \/>\n<meta property=\"og:site_name\" content=\"e-DNA\" \/>\n<meta property=\"article:publisher\" content=\"https:\/\/www.facebook.com\/LabenaDOO\" \/>\n<meta property=\"article:modified_time\" content=\"2024-05-15T12:12:20+00:00\" \/>\n<meta property=\"og:image\" content=\"https:\/\/ednalaboratories.com\/wp-content\/uploads\/2022\/12\/eu.png\" \/>\n<meta name=\"twitter:card\" content=\"summary_large_image\" \/>\n<meta name=\"twitter:label1\" content=\"Est. reading time\" \/>\n\t<meta name=\"twitter:data1\" content=\"4 minutes\" \/>\n<script type=\"application\/ld+json\" class=\"yoast-schema-graph\">{\"@context\":\"https:\/\/schema.org\",\"@graph\":[{\"@type\":\"WebPage\",\"@id\":\"https:\/\/ednalaboratories.com\/en\/about-project\/\",\"url\":\"https:\/\/ednalaboratories.com\/en\/about-project\/\",\"name\":\"About project - e-DNA\",\"isPartOf\":{\"@id\":\"https:\/\/ednalaboratories.com\/#website\"},\"primaryImageOfPage\":{\"@id\":\"https:\/\/ednalaboratories.com\/en\/about-project\/#primaryimage\"},\"image\":{\"@id\":\"https:\/\/ednalaboratories.com\/en\/about-project\/#primaryimage\"},\"thumbnailUrl\":\"https:\/\/ednalaboratories.com\/wp-content\/uploads\/2022\/12\/eu.png\",\"datePublished\":\"2022-12-21T09:15:05+00:00\",\"dateModified\":\"2024-05-15T12:12:20+00:00\",\"breadcrumb\":{\"@id\":\"https:\/\/ednalaboratories.com\/en\/about-project\/#breadcrumb\"},\"inLanguage\":\"en-US\",\"potentialAction\":[{\"@type\":\"ReadAction\",\"target\":[\"https:\/\/ednalaboratories.com\/en\/about-project\/\"]}]},{\"@type\":\"ImageObject\",\"inLanguage\":\"en-US\",\"@id\":\"https:\/\/ednalaboratories.com\/en\/about-project\/#primaryimage\",\"url\":\"https:\/\/ednalaboratories.com\/wp-content\/uploads\/2022\/12\/eu.png\",\"contentUrl\":\"https:\/\/ednalaboratories.com\/wp-content\/uploads\/2022\/12\/eu.png\"},{\"@type\":\"BreadcrumbList\",\"@id\":\"https:\/\/ednalaboratories.com\/en\/about-project\/#breadcrumb\",\"itemListElement\":[{\"@type\":\"ListItem\",\"position\":1,\"name\":\"Po\u010detna stranica\",\"item\":\"https:\/\/ednalaboratories.com\/en\/\"},{\"@type\":\"ListItem\",\"position\":2,\"name\":\"About project\"}]},{\"@type\":\"WebSite\",\"@id\":\"https:\/\/ednalaboratories.com\/#website\",\"url\":\"https:\/\/ednalaboratories.com\/\",\"name\":\"e-DNA\",\"description\":\"Labs\",\"publisher\":{\"@id\":\"https:\/\/ednalaboratories.com\/#organization\"},\"potentialAction\":[{\"@type\":\"SearchAction\",\"target\":{\"@type\":\"EntryPoint\",\"urlTemplate\":\"https:\/\/ednalaboratories.com\/?s={search_term_string}\"},\"query-input\":{\"@type\":\"PropertyValueSpecification\",\"valueRequired\":true,\"valueName\":\"search_term_string\"}}],\"inLanguage\":\"en-US\"},{\"@type\":\"Organization\",\"@id\":\"https:\/\/ednalaboratories.com\/#organization\",\"name\":\"e-DNA\",\"url\":\"https:\/\/ednalaboratories.com\/\",\"logo\":{\"@type\":\"ImageObject\",\"inLanguage\":\"en-US\",\"@id\":\"https:\/\/ednalaboratories.com\/#\/schema\/logo\/image\/\",\"url\":\"https:\/\/ednalaboratories.com\/wp-content\/uploads\/2022\/12\/logo.png\",\"contentUrl\":\"https:\/\/ednalaboratories.com\/wp-content\/uploads\/2022\/12\/logo.png\",\"width\":600,\"height\":132,\"caption\":\"e-DNA\"},\"image\":{\"@id\":\"https:\/\/ednalaboratories.com\/#\/schema\/logo\/image\/\"},\"sameAs\":[\"https:\/\/www.facebook.com\/LabenaDOO\",\"https:\/\/www.linkedin.com\/company\/labena-hrvatska\/\"]}]}<\/script>\n<!-- \/ Yoast SEO plugin. -->","yoast_head_json":{"title":"About project - e-DNA","robots":{"index":"index","follow":"follow","max-snippet":"max-snippet:-1","max-image-preview":"max-image-preview:large","max-video-preview":"max-video-preview:-1"},"canonical":"https:\/\/ednalaboratories.com\/en\/about-project\/","og_locale":"en_US","og_type":"article","og_title":"About project - e-DNA","og_description":"\u201cDEVELOPMENT OF A NUCLEIC ACID-BASED TEST FOR THE IDENTIFICATION OF WATER QUALITY INDICATOR SPECIES\u201d The maintenance and restoration of high-quality freshwater and marine habitats is one of the main issues of today. Over the past few decades, the EU has issued several directives with the objective of preventing further degradation of water quality. These directives [&hellip;]","og_url":"https:\/\/ednalaboratories.com\/en\/about-project\/","og_site_name":"e-DNA","article_publisher":"https:\/\/www.facebook.com\/LabenaDOO","article_modified_time":"2024-05-15T12:12:20+00:00","og_image":[{"url":"https:\/\/ednalaboratories.com\/wp-content\/uploads\/2022\/12\/eu.png","type":"","width":"","height":""}],"twitter_card":"summary_large_image","twitter_misc":{"Est. reading time":"4 minutes"},"schema":{"@context":"https:\/\/schema.org","@graph":[{"@type":"WebPage","@id":"https:\/\/ednalaboratories.com\/en\/about-project\/","url":"https:\/\/ednalaboratories.com\/en\/about-project\/","name":"About project - e-DNA","isPartOf":{"@id":"https:\/\/ednalaboratories.com\/#website"},"primaryImageOfPage":{"@id":"https:\/\/ednalaboratories.com\/en\/about-project\/#primaryimage"},"image":{"@id":"https:\/\/ednalaboratories.com\/en\/about-project\/#primaryimage"},"thumbnailUrl":"https:\/\/ednalaboratories.com\/wp-content\/uploads\/2022\/12\/eu.png","datePublished":"2022-12-21T09:15:05+00:00","dateModified":"2024-05-15T12:12:20+00:00","breadcrumb":{"@id":"https:\/\/ednalaboratories.com\/en\/about-project\/#breadcrumb"},"inLanguage":"en-US","potentialAction":[{"@type":"ReadAction","target":["https:\/\/ednalaboratories.com\/en\/about-project\/"]}]},{"@type":"ImageObject","inLanguage":"en-US","@id":"https:\/\/ednalaboratories.com\/en\/about-project\/#primaryimage","url":"https:\/\/ednalaboratories.com\/wp-content\/uploads\/2022\/12\/eu.png","contentUrl":"https:\/\/ednalaboratories.com\/wp-content\/uploads\/2022\/12\/eu.png"},{"@type":"BreadcrumbList","@id":"https:\/\/ednalaboratories.com\/en\/about-project\/#breadcrumb","itemListElement":[{"@type":"ListItem","position":1,"name":"Po\u010detna stranica","item":"https:\/\/ednalaboratories.com\/en\/"},{"@type":"ListItem","position":2,"name":"About project"}]},{"@type":"WebSite","@id":"https:\/\/ednalaboratories.com\/#website","url":"https:\/\/ednalaboratories.com\/","name":"e-DNA","description":"Labs","publisher":{"@id":"https:\/\/ednalaboratories.com\/#organization"},"potentialAction":[{"@type":"SearchAction","target":{"@type":"EntryPoint","urlTemplate":"https:\/\/ednalaboratories.com\/?s={search_term_string}"},"query-input":{"@type":"PropertyValueSpecification","valueRequired":true,"valueName":"search_term_string"}}],"inLanguage":"en-US"},{"@type":"Organization","@id":"https:\/\/ednalaboratories.com\/#organization","name":"e-DNA","url":"https:\/\/ednalaboratories.com\/","logo":{"@type":"ImageObject","inLanguage":"en-US","@id":"https:\/\/ednalaboratories.com\/#\/schema\/logo\/image\/","url":"https:\/\/ednalaboratories.com\/wp-content\/uploads\/2022\/12\/logo.png","contentUrl":"https:\/\/ednalaboratories.com\/wp-content\/uploads\/2022\/12\/logo.png","width":600,"height":132,"caption":"e-DNA"},"image":{"@id":"https:\/\/ednalaboratories.com\/#\/schema\/logo\/image\/"},"sameAs":["https:\/\/www.facebook.com\/LabenaDOO","https:\/\/www.linkedin.com\/company\/labena-hrvatska\/"]}]}},"_links":{"self":[{"href":"https:\/\/ednalaboratories.com\/en\/wp-json\/wp\/v2\/pages\/1945","targetHints":{"allow":["GET"]}}],"collection":[{"href":"https:\/\/ednalaboratories.com\/en\/wp-json\/wp\/v2\/pages"}],"about":[{"href":"https:\/\/ednalaboratories.com\/en\/wp-json\/wp\/v2\/types\/page"}],"author":[{"embeddable":true,"href":"https:\/\/ednalaboratories.com\/en\/wp-json\/wp\/v2\/users\/2"}],"replies":[{"embeddable":true,"href":"https:\/\/ednalaboratories.com\/en\/wp-json\/wp\/v2\/comments?post=1945"}],"version-history":[{"count":4,"href":"https:\/\/ednalaboratories.com\/en\/wp-json\/wp\/v2\/pages\/1945\/revisions"}],"predecessor-version":[{"id":2267,"href":"https:\/\/ednalaboratories.com\/en\/wp-json\/wp\/v2\/pages\/1945\/revisions\/2267"}],"wp:attachment":[{"href":"https:\/\/ednalaboratories.com\/en\/wp-json\/wp\/v2\/media?parent=1945"}],"curies":[{"name":"wp","href":"https:\/\/api.w.org\/{rel}","templated":true}]}}